{"id":238,"date":"2023-04-19T20:48:15","date_gmt":"2023-04-19T20:48:15","guid":{"rendered":"https:\/\/panagia-xenia.gr\/?page_id=238"},"modified":"2023-04-25T15:37:50","modified_gmt":"2023-04-25T12:37:50","slug":"lucrarea-de-restaurare","status":"publish","type":"page","link":"https:\/\/panagia-xenia.gr\/ro\/lucrarea-de-restaurare\/","title":{"rendered":"Lucrarea de restaurare"},"content":{"rendered":"[vc_row type=&#8221;full_width_background&#8221; full_screen_row_position=&#8221;middle&#8221; column_margin=&#8221;none&#8221; column_direction=&#8221;default&#8221; column_direction_tablet=&#8221;default&#8221; column_direction_phone=&#8221;default&#8221; bg_color=&#8221;#9fc5d0&#8243; bg_image=&#8221;158&#8243; bg_position=&#8221;center center&#8221; background_image_loading=&#8221;skip-lazy-load&#8221; bg_repeat=&#8221;no-repeat&#8221; scene_position=&#8221;center&#8221; top_padding=&#8221;15%&#8221; bottom_padding=&#8221;15%&#8221; top_padding_tablet=&#8221;30%&#8221; constrain_group_3=&#8221;yes&#8221; bottom_padding_tablet=&#8221;30%&#8221; top_padding_phone=&#8221;40%&#8221; constrain_group_5=&#8221;yes&#8221; bottom_padding_phone=&#8221;40%&#8221; text_color=&#8221;custom&#8221; text_align=&#8221;left&#8221; row_border_radius=&#8221;none&#8221; row_border_radius_applies=&#8221;bg&#8221; overflow=&#8221;visible&#8221; color_overlay=&#8221;#000000&#8243; overlay_strength=&#8221;0.3&#8243; gradient_direction=&#8221;radial&#8221; shape_divider_color=&#8221;#ffffff&#8221; shape_divider_position=&#8221;bottom&#8221; shape_divider_height=&#8221;45%&#8221; bg_image_animation=&#8221;zoom-out&#8221; parallax_bg=&#8221;true&#8221; parallax_bg_speed=&#8221;fast&#8221; shape_type=&#8221;straight_section&#8221; gradient_type=&#8221;default&#8221;][vc_column column_padding=&#8221;no-extra-padding&#8221; column_padding_tablet=&#8221;inherit&#8221; column_padding_phone=&#8221;inherit&#8221; column_padding_position=&#8221;all&#8221; column_element_direction_desktop=&#8221;default&#8221; column_element_spacing=&#8221;0px&#8221; desktop_text_alignment=&#8221;default&#8221; tablet_text_alignment=&#8221;default&#8221; phone_text_alignment=&#8221;center&#8221; background_color_opacity=&#8221;1&#8243; background_hover_color_opacity=&#8221;1&#8243; column_backdrop_filter=&#8221;none&#8221; column_shadow=&#8221;none&#8221; column_border_radius=&#8221;none&#8221; column_link_target=&#8221;_self&#8221; column_position=&#8221;default&#8221; gradient_direction=&#8221;radial&#8221; overlay_strength=&#8221;0.3&#8243; width=&#8221;1\/1&#8243; tablet_width_inherit=&#8221;default&#8221; animation_type=&#8221;default&#8221; bg_image_animation=&#8221;zoom-out-reveal&#8221; parallax_bg=&#8221;true&#8221; parallax_bg_speed=&#8221;fast&#8221; border_type=&#8221;simple&#8221; column_border_width=&#8221;none&#8221; column_border_style=&#8221;solid&#8221;][\/vc_column][\/vc_row][vc_row type=&#8221;in_container&#8221; full_screen_row_position=&#8221;middle&#8221; column_margin=&#8221;default&#8221; column_direction=&#8221;default&#8221; column_direction_tablet=&#8221;default&#8221; column_direction_phone=&#8221;default&#8221; scene_position=&#8221;center&#8221; left_padding_desktop=&#8221;5%&#8221; right_padding_desktop=&#8221;5%&#8221; text_color=&#8221;dark&#8221; text_align=&#8221;left&#8221; row_border_radius=&#8221;none&#8221; row_border_radius_applies=&#8221;bg&#8221; overflow=&#8221;visible&#8221; overlay_strength=&#8221;0.3&#8243; gradient_direction=&#8221;left_to_right&#8221; shape_divider_position=&#8221;bottom&#8221; bg_image_animation=&#8221;none&#8221; gradient_type=&#8221;default&#8221; shape_type=&#8221;&#8221;][vc_column column_padding=&#8221;no-extra-padding&#8221; column_padding_tablet=&#8221;inherit&#8221; column_padding_phone=&#8221;inherit&#8221; column_padding_position=&#8221;all&#8221; top_margin=&#8221;25&#8243; column_element_direction_desktop=&#8221;default&#8221; column_element_spacing=&#8221;default&#8221; desktop_text_alignment=&#8221;default&#8221; tablet_text_alignment=&#8221;default&#8221; phone_text_alignment=&#8221;default&#8221; background_color_opacity=&#8221;1&#8243; background_hover_color_opacity=&#8221;1&#8243; column_backdrop_filter=&#8221;none&#8221; column_shadow=&#8221;none&#8221; column_border_radius=&#8221;none&#8221; column_link_target=&#8221;_self&#8221; column_position=&#8221;default&#8221; gradient_direction=&#8221;left_to_right&#8221; overlay_strength=&#8221;0.3&#8243; width=&#8221;1\/1&#8243; tablet_width_inherit=&#8221;default&#8221; animation_type=&#8221;default&#8221; bg_image_animation=&#8221;none&#8221; border_type=&#8221;simple&#8221; column_border_width=&#8221;none&#8221; column_border_style=&#8221;solid&#8221; column_padding_type=&#8221;default&#8221; gradient_type=&#8221;default&#8221;][vc_column_text]\n<h1 style=\"text-align: center;\">RESTAURAREA<\/h1>\n[\/vc_column_text][vc_column_text css=&#8221;.vc_custom_1681841988880{padding-bottom: 15px !important;}&#8221;]\n<p style=\"text-align: center;\">RESTAURAREA \u00ceN CURS A M\u0102N\u0102STIRII ISTORICE<\/p>\n[\/vc_column_text][vc_row_inner equal_height=&#8221;yes&#8221; column_margin=&#8221;default&#8221; column_direction=&#8221;default&#8221; column_direction_tablet=&#8221;default&#8221; column_direction_phone=&#8221;default&#8221; text_align=&#8221;left&#8221; row_position=&#8221;default&#8221; row_position_tablet=&#8221;inherit&#8221; row_position_phone=&#8221;inherit&#8221; overflow=&#8221;visible&#8221; pointer_events=&#8221;all&#8221;][vc_column_inner column_padding=&#8221;no-extra-padding&#8221; column_padding_tablet=&#8221;inherit&#8221; column_padding_phone=&#8221;inherit&#8221; column_padding_position=&#8221;all&#8221; column_element_direction_desktop=&#8221;default&#8221; column_element_spacing=&#8221;default&#8221; desktop_text_alignment=&#8221;default&#8221; tablet_text_alignment=&#8221;default&#8221; phone_text_alignment=&#8221;default&#8221; background_color_opacity=&#8221;1&#8243; background_hover_color_opacity=&#8221;1&#8243; column_backdrop_filter=&#8221;none&#8221; column_shadow=&#8221;none&#8221; column_border_radius=&#8221;none&#8221; column_link_target=&#8221;_self&#8221; overflow=&#8221;visible&#8221; gradient_direction=&#8221;left_to_right&#8221; overlay_strength=&#8221;0.3&#8243; width=&#8221;1\/1&#8243; tablet_width_inherit=&#8221;default&#8221; animation_type=&#8221;default&#8221; bg_image_animation=&#8221;none&#8221; border_type=&#8221;simple&#8221; column_border_width=&#8221;none&#8221; column_border_style=&#8221;solid&#8221;][vc_column_text]\u00cen ceea ce prive\u0219te restaurarea vechii m\u0103n\u0103stiri, Biserica a fost restaurat\u0103 de c\u0103tre Centrul de Antichit\u0103\u021bi Bizantine. \u00cen ultimii ani, s-au depus eforturi pentru restaurarea chiliilor.<br \/>\nS-au \u00eenceput, lucr\u0103rile iar aripa sudic\u0103 a m\u0103n\u0103stirii este deja foarte avansat\u0103, de\u0219i niciun organism oficial nu a dorit s\u0103 ajute la acest proiect de renovare.<br \/>\n\u00centregul efort avanseaz\u0103 doar cu ajutorul pelerinilor evlavio\u0219i ai m\u0103n\u0103stirii, care alerag\u0103 la harul Fecioarei Maria care este viu \u00een acest loc, prin prezen\u021ba sfintei icoane \u0219i al preacinstitului Br\u00e2u al Maicii Domnului.<br \/>\n\u00cen acest moment cerem cu smerenie ajutorul tuturor, pentru ca acest proiect de restaurare a vechii m\u0103n\u0103stiri s\u0103 poat\u0103 continua \u0219i s\u0103 fie finalizat.<br \/>\nCredem cu t\u0103rie c\u0103 Preasf\u00e2nta N\u0103scatoare de Dumnezeu va lumina sufletele evlavioase pentru a ajuta la aceast\u0103 lucrare, care are ca unic scop o mai bun\u0103 slujire a pelerinilor \u0219i continuarea ne\u00eentrerupt\u0103 a lucr\u0103rii desf\u0103\u0219urate aici, care nu este alta dec\u00e2t m\u00e2ntuirea sufletelor.<br \/>\nDe asemenea, dorim s\u0103-i inform\u0103m pe donatorii credincio\u0219i c\u0103 ne pot trimite pomelnice pentru s\u0103n\u0103tatea \u0219i odihna sufletelor celor dragi, care vor fi pomenite zilnic \u00een timpul Dumnezeie\u0219tii Liturghii \u0219i al Sfintelor Slujbe care se s\u0103v\u00e2r\u0219esc \u00een fa\u021ba icoanei miraculoase a Panaghiei Xenia \u0219i a Sf\u00e2ntului Br\u00e2u al Maicii Domnului.<\/p>\n<p>Pentru a sus\u021bine cauza noastr\u0103, M\u0103n\u0103stirea particip\u0103 la platforma deschis\u0103 de dona\u021bii GoGetFunding, la care pute\u021bi contribui prin intermediul urm\u0103torului link:<\/p>\n<p style=\"text-align: center;\"><a href=\"https:\/\/gogetfunding.com\/panagia-xenia\/\" target=\"_blank\" rel=\"noopener\">https:\/\/gogetfunding.com\/panagia-xenia\/<\/a><\/p>\n[\/vc_column_text][\/vc_column_inner][\/vc_row_inner][vc_row_inner equal_height=&#8221;yes&#8221; column_margin=&#8221;default&#8221; column_direction=&#8221;default&#8221; column_direction_tablet=&#8221;default&#8221; column_direction_phone=&#8221;default&#8221; text_align=&#8221;left&#8221; row_position=&#8221;default&#8221; row_position_tablet=&#8221;inherit&#8221; row_position_phone=&#8221;inherit&#8221; overflow=&#8221;visible&#8221; pointer_events=&#8221;all&#8221;][vc_column_inner column_padding=&#8221;no-extra-padding&#8221; column_padding_tablet=&#8221;inherit&#8221; column_padding_phone=&#8221;inherit&#8221; column_padding_position=&#8221;all&#8221; column_element_direction_desktop=&#8221;default&#8221; column_element_spacing=&#8221;default&#8221; desktop_text_alignment=&#8221;default&#8221; tablet_text_alignment=&#8221;default&#8221; phone_text_alignment=&#8221;default&#8221; background_color_opacity=&#8221;1&#8243; background_hover_color_opacity=&#8221;1&#8243; column_backdrop_filter=&#8221;none&#8221; column_shadow=&#8221;none&#8221; column_border_radius=&#8221;none&#8221; column_link_target=&#8221;_self&#8221; overflow=&#8221;visible&#8221; gradient_direction=&#8221;left_to_right&#8221; overlay_strength=&#8221;0.3&#8243; width=&#8221;1\/1&#8243; tablet_width_inherit=&#8221;default&#8221; animation_type=&#8221;default&#8221; bg_image_animation=&#8221;none&#8221; border_type=&#8221;simple&#8221; column_border_width=&#8221;none&#8221; column_border_style=&#8221;solid&#8221;][vc_column_text css=&#8221;.vc_custom_1681861246331{padding-bottom: 15px !important;}&#8221;]\n<p style=\"text-align: center;\">VIDEO \u00ceN LIMBA ROM\u00c2N\u0102<\/p>\n[\/vc_column_text][vc_video link=&#8221;https:\/\/www.youtube.com\/watch?v=_IgAfQzkHUM&#8221;][\/vc_column_inner][\/vc_row_inner][vc_row_inner equal_height=&#8221;yes&#8221; column_margin=&#8221;default&#8221; column_direction=&#8221;default&#8221; column_direction_tablet=&#8221;default&#8221; column_direction_phone=&#8221;default&#8221; text_align=&#8221;left&#8221; row_position=&#8221;default&#8221; row_position_tablet=&#8221;inherit&#8221; row_position_phone=&#8221;inherit&#8221; overflow=&#8221;visible&#8221; pointer_events=&#8221;all&#8221;][vc_column_inner column_padding=&#8221;no-extra-padding&#8221; column_padding_tablet=&#8221;inherit&#8221; column_padding_phone=&#8221;inherit&#8221; column_padding_position=&#8221;all&#8221; column_element_direction_desktop=&#8221;default&#8221; column_element_spacing=&#8221;default&#8221; desktop_text_alignment=&#8221;default&#8221; tablet_text_alignment=&#8221;default&#8221; phone_text_alignment=&#8221;default&#8221; background_color_opacity=&#8221;1&#8243; background_hover_color_opacity=&#8221;1&#8243; column_backdrop_filter=&#8221;none&#8221; column_shadow=&#8221;none&#8221; column_border_radius=&#8221;none&#8221; column_link_target=&#8221;_self&#8221; overflow=&#8221;visible&#8221; gradient_direction=&#8221;left_to_right&#8221; overlay_strength=&#8221;0.3&#8243; width=&#8221;1\/1&#8243; tablet_width_inherit=&#8221;default&#8221; animation_type=&#8221;default&#8221; bg_image_animation=&#8221;none&#8221; border_type=&#8221;simple&#8221; column_border_width=&#8221;none&#8221; column_border_style=&#8221;solid&#8221;][vc_column_text css=&#8221;.vc_custom_1681842967416{padding-bottom: 15px !important;}&#8221;]\n<p style=\"text-align: center;\">MATERIAL FOTOGRAFIC DIN LUCR\u0102RILE \u00ceN CURS DE DESF\u0102\u0218URARE<\/p>\n[\/vc_column_text]<div id=\"jig1\" class=\"justified-image-grid jig-edc095dd130a798350491b49831c4a13 jig-preset-global jig-source-wp-gallery jig-rml-id-2\"><div class=\"jig-clearfix\"><\/div><noscript id=\"jig1-html\" class=\"justified-image-grid-html\" data-lazy-src=\"skiplazyload\" data-src=\"skipunveillazyload\"><ul><li><a href=\"https:\/\/panagia-xenia.gr\/wp-content\/uploads\/restoration-gallery\/panagia-xenia-restoration-22-1024x684.jpg\"><img loading=\"lazy\" decoding=\"async\" src=\"https:\/\/panagia-xenia.gr\/wp-content\/plugins\/justified-image-grid\/timthumb.php?src=https%3A%2F%2Fpanagia-xenia.gr%2Fwp-content%2Fuploads%2Frestoration-gallery%2Fpanagia-xenia-restoration-22-1024x684.jpg&amp;h=230&amp;q=90&amp;f=.jpg\" alt=\"Panagia Xenia Restoration 22\" width=\"344\" height=\"230\" \/><\/a><p class=\"jig-HTMLdescription\">Panagia Xenia Restoration 22<\/p><\/li><li><a href=\"https:\/\/panagia-xenia.gr\/wp-content\/uploads\/restoration-gallery\/panagia-xenia-restoration-21-1024x684.jpg\"><img loading=\"lazy\" decoding=\"async\" src=\"https:\/\/panagia-xenia.gr\/wp-content\/plugins\/justified-image-grid\/timthumb.php?src=https%3A%2F%2Fpanagia-xenia.gr%2Fwp-content%2Fuploads%2Frestoration-gallery%2Fpanagia-xenia-restoration-21-1024x684.jpg&amp;h=230&amp;q=90&amp;f=.jpg\" alt=\"Panagia Xenia Restoration 21\" width=\"344\" height=\"230\" \/><\/a><p class=\"jig-HTMLdescription\">Panagia Xenia Restoration 21<\/p><\/li><li><a href=\"https:\/\/panagia-xenia.gr\/wp-content\/uploads\/restoration-gallery\/panagia-xenia-restoration-20-1024x684.jpg\"><img loading=\"lazy\" decoding=\"async\" src=\"https:\/\/panagia-xenia.gr\/wp-content\/plugins\/justified-image-grid\/timthumb.php?src=https%3A%2F%2Fpanagia-xenia.gr%2Fwp-content%2Fuploads%2Frestoration-gallery%2Fpanagia-xenia-restoration-20-1024x684.jpg&amp;h=230&amp;q=90&amp;f=.jpg\" alt=\"Panagia Xenia Restoration 20\" width=\"344\" height=\"230\" \/><\/a><p class=\"jig-HTMLdescription\">Panagia Xenia Restoration 20<\/p><\/li><li><a href=\"https:\/\/panagia-xenia.gr\/wp-content\/uploads\/restoration-gallery\/panagia-xenia-restoration-19-1024x684.jpg\"><img loading=\"lazy\" decoding=\"async\" src=\"https:\/\/panagia-xenia.gr\/wp-content\/plugins\/justified-image-grid\/timthumb.php?src=https%3A%2F%2Fpanagia-xenia.gr%2Fwp-content%2Fuploads%2Frestoration-gallery%2Fpanagia-xenia-restoration-19-1024x684.jpg&amp;h=230&amp;q=90&amp;f=.jpg\" alt=\"Panagia Xenia Restoration 19\" width=\"344\" height=\"230\" \/><\/a><p class=\"jig-HTMLdescription\">Panagia Xenia Restoration 19<\/p><\/li><li><a href=\"https:\/\/panagia-xenia.gr\/wp-content\/uploads\/restoration-gallery\/panagia-xenia-restoration-18-1024x684.jpg\"><img loading=\"lazy\" decoding=\"async\" src=\"https:\/\/panagia-xenia.gr\/wp-content\/plugins\/justified-image-grid\/timthumb.php?src=https%3A%2F%2Fpanagia-xenia.gr%2Fwp-content%2Fuploads%2Frestoration-gallery%2Fpanagia-xenia-restoration-18-1024x684.jpg&amp;h=230&amp;q=90&amp;f=.jpg\" alt=\"Panagia Xenia Restoration 18\" width=\"344\" height=\"230\" \/><\/a><p class=\"jig-HTMLdescription\">Panagia Xenia Restoration 18<\/p><\/li><li><a href=\"https:\/\/panagia-xenia.gr\/wp-content\/uploads\/restoration-gallery\/panagia-xenia-restoration-17-1024x684.jpg\"><img loading=\"lazy\" decoding=\"async\" src=\"https:\/\/panagia-xenia.gr\/wp-content\/plugins\/justified-image-grid\/timthumb.php?src=https%3A%2F%2Fpanagia-xenia.gr%2Fwp-content%2Fuploads%2Frestoration-gallery%2Fpanagia-xenia-restoration-17-1024x684.jpg&amp;h=230&amp;q=90&amp;f=.jpg\" alt=\"Panagia Xenia Restoration 17\" width=\"344\" height=\"230\" \/><\/a><p class=\"jig-HTMLdescription\">Panagia Xenia Restoration 17<\/p><\/li><li><a href=\"https:\/\/panagia-xenia.gr\/wp-content\/uploads\/restoration-gallery\/panagia-xenia-restoration-16-684x1024.jpg\"><img loading=\"lazy\" decoding=\"async\" src=\"https:\/\/panagia-xenia.gr\/wp-content\/plugins\/justified-image-grid\/timthumb.php?src=https%3A%2F%2Fpanagia-xenia.gr%2Fwp-content%2Fuploads%2Frestoration-gallery%2Fpanagia-xenia-restoration-16-684x1024.jpg&amp;h=230&amp;q=90&amp;f=.jpg\" alt=\"Panagia Xenia Restoration 16\" width=\"153\" height=\"230\" \/><\/a><p class=\"jig-HTMLdescription\">Panagia Xenia Restoration 16<\/p><\/li><li><a href=\"https:\/\/panagia-xenia.gr\/wp-content\/uploads\/restoration-gallery\/panagia-xenia-restoration-15-1024x684.jpg\"><img loading=\"lazy\" decoding=\"async\" src=\"https:\/\/panagia-xenia.gr\/wp-content\/plugins\/justified-image-grid\/timthumb.php?src=https%3A%2F%2Fpanagia-xenia.gr%2Fwp-content%2Fuploads%2Frestoration-gallery%2Fpanagia-xenia-restoration-15-1024x684.jpg&amp;h=230&amp;q=90&amp;f=.jpg\" alt=\"Panagia Xenia Restoration 15\" width=\"344\" height=\"230\" \/><\/a><p class=\"jig-HTMLdescription\">Panagia Xenia Restoration 15<\/p><\/li><li><a href=\"https:\/\/panagia-xenia.gr\/wp-content\/uploads\/restoration-gallery\/panagia-xenia-restoration-14-1024x684.jpg\"><img loading=\"lazy\" decoding=\"async\" src=\"https:\/\/panagia-xenia.gr\/wp-content\/plugins\/justified-image-grid\/timthumb.php?src=https%3A%2F%2Fpanagia-xenia.gr%2Fwp-content%2Fuploads%2Frestoration-gallery%2Fpanagia-xenia-restoration-14-1024x684.jpg&amp;h=230&amp;q=90&amp;f=.jpg\" alt=\"Panagia Xenia Restoration 14\" width=\"344\" height=\"230\" \/><\/a><p class=\"jig-HTMLdescription\">Panagia Xenia Restoration 14<\/p><\/li><li><a href=\"https:\/\/panagia-xenia.gr\/wp-content\/uploads\/restoration-gallery\/panagia-xenia-restoration-13-1024x684.jpg\"><img loading=\"lazy\" decoding=\"async\" src=\"https:\/\/panagia-xenia.gr\/wp-content\/plugins\/justified-image-grid\/timthumb.php?src=https%3A%2F%2Fpanagia-xenia.gr%2Fwp-content%2Fuploads%2Frestoration-gallery%2Fpanagia-xenia-restoration-13-1024x684.jpg&amp;h=230&amp;q=90&amp;f=.jpg\" alt=\"Panagia Xenia Restoration 13\" width=\"344\" height=\"230\" \/><\/a><p class=\"jig-HTMLdescription\">Panagia Xenia Restoration 13<\/p><\/li><li><a href=\"https:\/\/panagia-xenia.gr\/wp-content\/uploads\/restoration-gallery\/panagia-xenia-restoration-12-1024x684.jpg\"><img loading=\"lazy\" decoding=\"async\" src=\"https:\/\/panagia-xenia.gr\/wp-content\/plugins\/justified-image-grid\/timthumb.php?src=https%3A%2F%2Fpanagia-xenia.gr%2Fwp-content%2Fuploads%2Frestoration-gallery%2Fpanagia-xenia-restoration-12-1024x684.jpg&amp;h=230&amp;q=90&amp;f=.jpg\" alt=\"Panagia Xenia Restoration 12\" width=\"344\" height=\"230\" \/><\/a><p class=\"jig-HTMLdescription\">Panagia Xenia Restoration 12<\/p><\/li><li><a href=\"https:\/\/panagia-xenia.gr\/wp-content\/uploads\/restoration-gallery\/panagia-xenia-restoration-11-1024x684.jpg\"><img loading=\"lazy\" decoding=\"async\" src=\"https:\/\/panagia-xenia.gr\/wp-content\/plugins\/justified-image-grid\/timthumb.php?src=https%3A%2F%2Fpanagia-xenia.gr%2Fwp-content%2Fuploads%2Frestoration-gallery%2Fpanagia-xenia-restoration-11-1024x684.jpg&amp;h=230&amp;q=90&amp;f=.jpg\" alt=\"Panagia Xenia Restoration 11\" width=\"344\" height=\"230\" \/><\/a><p class=\"jig-HTMLdescription\">Panagia Xenia Restoration 11<\/p><\/li><li><a href=\"https:\/\/panagia-xenia.gr\/wp-content\/uploads\/restoration-gallery\/panagia-xenia-restoration-10-1024x684.jpg\"><img loading=\"lazy\" decoding=\"async\" src=\"https:\/\/panagia-xenia.gr\/wp-content\/plugins\/justified-image-grid\/timthumb.php?src=https%3A%2F%2Fpanagia-xenia.gr%2Fwp-content%2Fuploads%2Frestoration-gallery%2Fpanagia-xenia-restoration-10-1024x684.jpg&amp;h=230&amp;q=90&amp;f=.jpg\" alt=\"Panagia Xenia Restoration 10\" width=\"344\" height=\"230\" \/><\/a><p class=\"jig-HTMLdescription\">Panagia Xenia Restoration 10<\/p><\/li><li><a href=\"https:\/\/panagia-xenia.gr\/wp-content\/uploads\/restoration-gallery\/panagia-xenia-restoration-09-1024x684.jpg\"><img loading=\"lazy\" decoding=\"async\" src=\"https:\/\/panagia-xenia.gr\/wp-content\/plugins\/justified-image-grid\/timthumb.php?src=https%3A%2F%2Fpanagia-xenia.gr%2Fwp-content%2Fuploads%2Frestoration-gallery%2Fpanagia-xenia-restoration-09-1024x684.jpg&amp;h=230&amp;q=90&amp;f=.jpg\" alt=\"Panagia Xenia Restoration 09\" width=\"344\" height=\"230\" \/><\/a><p class=\"jig-HTMLdescription\">Panagia Xenia Restoration 09<\/p><\/li><li><a href=\"https:\/\/panagia-xenia.gr\/wp-content\/uploads\/restoration-gallery\/panagia-xenia-restoration-08-1024x684.jpg\"><img loading=\"lazy\" decoding=\"async\" src=\"https:\/\/panagia-xenia.gr\/wp-content\/plugins\/justified-image-grid\/timthumb.php?src=https%3A%2F%2Fpanagia-xenia.gr%2Fwp-content%2Fuploads%2Frestoration-gallery%2Fpanagia-xenia-restoration-08-1024x684.jpg&amp;h=230&amp;q=90&amp;f=.jpg\" alt=\"Panagia Xenia Restoration 08\" width=\"344\" height=\"230\" \/><\/a><p class=\"jig-HTMLdescription\">Panagia Xenia Restoration 08<\/p><\/li><li><a href=\"https:\/\/panagia-xenia.gr\/wp-content\/uploads\/restoration-gallery\/panagia-xenia-restoration-07-1024x684.jpg\"><img loading=\"lazy\" decoding=\"async\" src=\"https:\/\/panagia-xenia.gr\/wp-content\/plugins\/justified-image-grid\/timthumb.php?src=https%3A%2F%2Fpanagia-xenia.gr%2Fwp-content%2Fuploads%2Frestoration-gallery%2Fpanagia-xenia-restoration-07-1024x684.jpg&amp;h=230&amp;q=90&amp;f=.jpg\" alt=\"Panagia Xenia Restoration 07\" width=\"344\" height=\"230\" \/><\/a><p class=\"jig-HTMLdescription\">Panagia Xenia Restoration 07<\/p><\/li><li><a href=\"https:\/\/panagia-xenia.gr\/wp-content\/uploads\/restoration-gallery\/panagia-xenia-restoration-06-1024x684.jpg\"><img loading=\"lazy\" decoding=\"async\" src=\"https:\/\/panagia-xenia.gr\/wp-content\/plugins\/justified-image-grid\/timthumb.php?src=https%3A%2F%2Fpanagia-xenia.gr%2Fwp-content%2Fuploads%2Frestoration-gallery%2Fpanagia-xenia-restoration-06-1024x684.jpg&amp;h=230&amp;q=90&amp;f=.jpg\" alt=\"Panagia Xenia Restoration 06\" width=\"344\" height=\"230\" \/><\/a><p class=\"jig-HTMLdescription\">Panagia Xenia Restoration 06<\/p><\/li><li><a href=\"https:\/\/panagia-xenia.gr\/wp-content\/uploads\/restoration-gallery\/panagia-xenia-restoration-05-1024x684.jpg\"><img loading=\"lazy\" decoding=\"async\" src=\"https:\/\/panagia-xenia.gr\/wp-content\/plugins\/justified-image-grid\/timthumb.php?src=https%3A%2F%2Fpanagia-xenia.gr%2Fwp-content%2Fuploads%2Frestoration-gallery%2Fpanagia-xenia-restoration-05-1024x684.jpg&amp;h=230&amp;q=90&amp;f=.jpg\" alt=\"Panagia Xenia Restoration 05\" width=\"344\" height=\"230\" \/><\/a><p class=\"jig-HTMLdescription\">Panagia Xenia Restoration 05<\/p><\/li><li><a href=\"https:\/\/panagia-xenia.gr\/wp-content\/uploads\/restoration-gallery\/panagia-xenia-restoration-04-1024x684.jpg\"><img loading=\"lazy\" decoding=\"async\" src=\"https:\/\/panagia-xenia.gr\/wp-content\/plugins\/justified-image-grid\/timthumb.php?src=https%3A%2F%2Fpanagia-xenia.gr%2Fwp-content%2Fuploads%2Frestoration-gallery%2Fpanagia-xenia-restoration-04-1024x684.jpg&amp;h=230&amp;q=90&amp;f=.jpg\" alt=\"Panagia Xenia Restoration 04\" width=\"344\" height=\"230\" \/><\/a><p class=\"jig-HTMLdescription\">Panagia Xenia Restoration 04<\/p><\/li><li><a href=\"https:\/\/panagia-xenia.gr\/wp-content\/uploads\/restoration-gallery\/panagia-xenia-restoration-03-1024x684.jpg\"><img loading=\"lazy\" decoding=\"async\" src=\"https:\/\/panagia-xenia.gr\/wp-content\/plugins\/justified-image-grid\/timthumb.php?src=https%3A%2F%2Fpanagia-xenia.gr%2Fwp-content%2Fuploads%2Frestoration-gallery%2Fpanagia-xenia-restoration-03-1024x684.jpg&amp;h=230&amp;q=90&amp;f=.jpg\" alt=\"Panagia Xenia Restoration 03\" width=\"344\" height=\"230\" \/><\/a><p class=\"jig-HTMLdescription\">Panagia Xenia Restoration 03<\/p><\/li><li><a href=\"https:\/\/panagia-xenia.gr\/wp-content\/uploads\/restoration-gallery\/panagia-xenia-restoration-02-1024x684.jpg\"><img loading=\"lazy\" decoding=\"async\" src=\"https:\/\/panagia-xenia.gr\/wp-content\/plugins\/justified-image-grid\/timthumb.php?src=https%3A%2F%2Fpanagia-xenia.gr%2Fwp-content%2Fuploads%2Frestoration-gallery%2Fpanagia-xenia-restoration-02-1024x684.jpg&amp;h=230&amp;q=90&amp;f=.jpg\" alt=\"Panagia Xenia Restoration 02\" width=\"344\" height=\"230\" \/><\/a><p class=\"jig-HTMLdescription\">Panagia Xenia Restoration 02<\/p><\/li><li><a href=\"https:\/\/panagia-xenia.gr\/wp-content\/uploads\/restoration-gallery\/panagia-xenia-restoration-01-1024x682.jpg\"><img loading=\"lazy\" decoding=\"async\" src=\"https:\/\/panagia-xenia.gr\/wp-content\/plugins\/justified-image-grid\/timthumb.php?src=https%3A%2F%2Fpanagia-xenia.gr%2Fwp-content%2Fuploads%2Frestoration-gallery%2Fpanagia-xenia-restoration-01-1024x682.jpg&amp;h=230&amp;q=90&amp;f=.jpg\" alt=\"Panagia Xenia Restoration 01\" width=\"345\" height=\"230\" \/><\/a><p class=\"jig-HTMLdescription\">Panagia Xenia Restoration 01<\/p><\/li><\/ul><\/noscript><\/div>[\/vc_column_inner][\/vc_row_inner][\/vc_column][\/vc_row]\n","protected":false},"excerpt":{"rendered":"<p>[vc_row type=&#8221;full_width_background&#8221; full_screen_row_position=&#8221;middle&#8221; column_margin=&#8221;none&#8221; column_direction=&#8221;default&#8221; column_direction_tablet=&#8221;default&#8221; column_direction_phone=&#8221;default&#8221; bg_color=&#8221;#9fc5d0&#8243; bg_image=&#8221;158&#8243; bg_position=&#8221;center center&#8221; background_image_loading=&#8221;skip-lazy-load&#8221; bg_repeat=&#8221;no-repeat&#8221; scene_position=&#8221;center&#8221; top_padding=&#8221;15%&#8221; bottom_padding=&#8221;15%&#8221; top_padding_tablet=&#8221;30%&#8221; constrain_group_3=&#8221;yes&#8221; bottom_padding_tablet=&#8221;30%&#8221; top_padding_phone=&#8221;40%&#8221; constrain_group_5=&#8221;yes&#8221; bottom_padding_phone=&#8221;40%&#8221; text_color=&#8221;custom&#8221; text_align=&#8221;left&#8221; row_border_radius=&#8221;none&#8221; row_border_radius_applies=&#8221;bg&#8221; overflow=&#8221;visible&#8221; color_overlay=&#8221;#000000&#8243; overlay_strength=&#8221;0.3&#8243; gradient_direction=&#8221;radial&#8221;&#8230;<\/p>\n","protected":false},"author":1,"featured_media":158,"parent":0,"menu_order":0,"comment_status":"closed","ping_status":"closed","template":"","meta":{"footnotes":""},"class_list":["post-238","page","type-page","status-publish","has-post-thumbnail"],"acf":[],"_links":{"self":[{"href":"https:\/\/panagia-xenia.gr\/ro\/wp-json\/wp\/v2\/pages\/238","targetHints":{"allow":["GET"]}}],"collection":[{"href":"https:\/\/panagia-xenia.gr\/ro\/wp-json\/wp\/v2\/pages"}],"about":[{"href":"https:\/\/panagia-xenia.gr\/ro\/wp-json\/wp\/v2\/types\/page"}],"author":[{"embeddable":true,"href":"https:\/\/panagia-xenia.gr\/ro\/wp-json\/wp\/v2\/users\/1"}],"replies":[{"embeddable":true,"href":"https:\/\/panagia-xenia.gr\/ro\/wp-json\/wp\/v2\/comments?post=238"}],"version-history":[{"count":5,"href":"https:\/\/panagia-xenia.gr\/ro\/wp-json\/wp\/v2\/pages\/238\/revisions"}],"predecessor-version":[{"id":295,"href":"https:\/\/panagia-xenia.gr\/ro\/wp-json\/wp\/v2\/pages\/238\/revisions\/295"}],"wp:featuredmedia":[{"embeddable":true,"href":"https:\/\/panagia-xenia.gr\/ro\/wp-json\/wp\/v2\/media\/158"}],"wp:attachment":[{"href":"https:\/\/panagia-xenia.gr\/ro\/wp-json\/wp\/v2\/media?parent=238"}],"curies":[{"name":"wp","href":"https:\/\/api.w.org\/{rel}","templated":true}]}}