{"id":247,"date":"2023-04-19T20:53:55","date_gmt":"2023-04-19T20:53:55","guid":{"rendered":"https:\/\/panagia-xenia.gr\/?page_id=247"},"modified":"2023-04-25T15:45:20","modified_gmt":"2023-04-25T12:45:20","slug":"guests-rules","status":"publish","type":"page","link":"https:\/\/panagia-xenia.gr\/ro\/guests-rules\/","title":{"rendered":"Reguli privind \u00eembr\u0103c\u0103mintea"},"content":{"rendered":"[vc_row type=&#8221;full_width_background&#8221; full_screen_row_position=&#8221;middle&#8221; column_margin=&#8221;none&#8221; column_direction=&#8221;default&#8221; column_direction_tablet=&#8221;default&#8221; column_direction_phone=&#8221;default&#8221; bg_image=&#8221;164&#8243; bg_position=&#8221;left center&#8221; background_image_loading=&#8221;skip-lazy-load&#8221; bg_repeat=&#8221;no-repeat&#8221; scene_position=&#8221;center&#8221; top_padding=&#8221;15%&#8221; bottom_padding=&#8221;15%&#8221; top_padding_tablet=&#8221;30%&#8221; constrain_group_3=&#8221;yes&#8221; bottom_padding_tablet=&#8221;30%&#8221; top_padding_phone=&#8221;40%&#8221; constrain_group_5=&#8221;yes&#8221; bottom_padding_phone=&#8221;40%&#8221; text_color=&#8221;custom&#8221; text_align=&#8221;left&#8221; row_border_radius=&#8221;none&#8221; row_border_radius_applies=&#8221;bg&#8221; overflow=&#8221;visible&#8221; color_overlay=&#8221;#000000&#8243; overlay_strength=&#8221;0.3&#8243; gradient_direction=&#8221;radial&#8221; shape_divider_color=&#8221;#ffffff&#8221; shape_divider_position=&#8221;bottom&#8221; shape_divider_height=&#8221;45%&#8221; bg_image_animation=&#8221;zoom-out&#8221; parallax_bg=&#8221;true&#8221; parallax_bg_speed=&#8221;fast&#8221; shape_type=&#8221;straight_section&#8221; gradient_type=&#8221;default&#8221;][vc_column column_padding=&#8221;no-extra-padding&#8221; column_padding_tablet=&#8221;inherit&#8221; column_padding_phone=&#8221;inherit&#8221; column_padding_position=&#8221;all&#8221; column_element_direction_desktop=&#8221;default&#8221; column_element_spacing=&#8221;0px&#8221; desktop_text_alignment=&#8221;default&#8221; tablet_text_alignment=&#8221;default&#8221; phone_text_alignment=&#8221;center&#8221; background_color_opacity=&#8221;1&#8243; background_hover_color_opacity=&#8221;1&#8243; column_backdrop_filter=&#8221;none&#8221; column_shadow=&#8221;none&#8221; column_border_radius=&#8221;none&#8221; column_link_target=&#8221;_self&#8221; column_position=&#8221;default&#8221; gradient_direction=&#8221;radial&#8221; overlay_strength=&#8221;0.3&#8243; width=&#8221;1\/1&#8243; tablet_width_inherit=&#8221;default&#8221; animation_type=&#8221;default&#8221; bg_image_animation=&#8221;zoom-out-reveal&#8221; parallax_bg=&#8221;true&#8221; parallax_bg_speed=&#8221;fast&#8221; border_type=&#8221;simple&#8221; column_border_width=&#8221;none&#8221; column_border_style=&#8221;solid&#8221;][\/vc_column][\/vc_row][vc_row type=&#8221;in_container&#8221; full_screen_row_position=&#8221;middle&#8221; column_margin=&#8221;default&#8221; column_direction=&#8221;default&#8221; column_direction_tablet=&#8221;default&#8221; column_direction_phone=&#8221;default&#8221; scene_position=&#8221;center&#8221; top_padding=&#8221;25px&#8221; left_padding_desktop=&#8221;5%&#8221; right_padding_desktop=&#8221;5%&#8221; text_color=&#8221;dark&#8221; text_align=&#8221;left&#8221; row_border_radius=&#8221;none&#8221; row_border_radius_applies=&#8221;bg&#8221; overflow=&#8221;visible&#8221; overlay_strength=&#8221;0.3&#8243; gradient_direction=&#8221;left_to_right&#8221; shape_divider_position=&#8221;bottom&#8221; bg_image_animation=&#8221;none&#8221; gradient_type=&#8221;default&#8221; shape_type=&#8221;&#8221;][vc_column column_padding=&#8221;no-extra-padding&#8221; column_padding_tablet=&#8221;inherit&#8221; column_padding_phone=&#8221;inherit&#8221; column_padding_position=&#8221;all&#8221; column_element_direction_desktop=&#8221;default&#8221; column_element_spacing=&#8221;default&#8221; desktop_text_alignment=&#8221;default&#8221; tablet_text_alignment=&#8221;default&#8221; phone_text_alignment=&#8221;default&#8221; background_color_opacity=&#8221;1&#8243; background_hover_color_opacity=&#8221;1&#8243; column_backdrop_filter=&#8221;none&#8221; column_shadow=&#8221;none&#8221; column_border_radius=&#8221;none&#8221; column_link_target=&#8221;_self&#8221; column_position=&#8221;default&#8221; gradient_direction=&#8221;left_to_right&#8221; overlay_strength=&#8221;0.3&#8243; width=&#8221;1\/1&#8243; tablet_width_inherit=&#8221;default&#8221; animation_type=&#8221;default&#8221; bg_image_animation=&#8221;none&#8221; border_type=&#8221;simple&#8221; column_border_width=&#8221;none&#8221; column_border_style=&#8221;solid&#8221;][vc_column_text]\n<h1 style=\"text-align: center;\">PRIVIND \u00ceMBR\u0102C\u0102MINTEA PELERINILOR<\/h1>\n[\/vc_column_text][vc_column_text]\n<p style=\"text-align: center;\">EXTRAS DIN CUVINTELE SF\u00c2NTULUI PAISIOS<\/p>\n<p style=\"text-align: center;\">Sf\u00e2ntul Paisios de la Muntele Athos: Cuvinte A&#8217; &#8220;Cu durere \u0219i dragoste&#8221; &#8211; Pagina 156-<\/p>\n[\/vc_column_text][vc_column_text]\n<p style=\"text-align: center;\"><span style=\"color: #fb0101; font-size: 22px;\"><em>\u00abNu se vor pune ve\u0219mintele unui b\u0103rbat peste o femeie \u0219i nici un b\u0103rbat nu se va \u00eembr\u0103ca cu o hain\u0103 de femeie\u00bb<sup>146<\/sup><\/em><\/span><\/p>\n<p>&#8211; P\u0103rinte, cum s\u0103 proced\u0103m cu femeile care vin la m\u0103n\u0103stire \u00een pantaloni? Adesea spun c\u0103<br \/>\neste mai practic, dar \u0219i mai cuviincios dec\u00e2t a purta scurt.<br \/>\n&#8211; Ast\u0103zi poart\u0103 ori scurt, ori pantaloni, de\u0219i se spune clar \u00een Vechiul Testament \u0219i cu ce am\u0103nunte \u00eenc\u0103: \u201eNu se \u00eeng\u0103duie b\u0103rbatului s\u0103 poarte ve\u0219m\u00e2nt femeiesc, iar femeii b\u0103rb\u0103tesc\u201d. Iar cei ce nu fac astfel \u00eencalc\u0103 legea, dar totodat\u0103 s\u0103v\u00e2r\u0219esc \u0219i un lucru lipsit de cuviin\u021b\u0103. B\u0103rba\u021bi care poart\u0103 fuste sunt pu\u021bini, foarte pu\u021bini.<br \/>\n&#8211; Cele \u00eens\u0103 care lucreaz\u0103 pe ogoare spun c\u0103 nu se pot mi\u0219ca liber la lucru dac\u0103 nu poart\u0103<br \/>\npantaloni.<br \/>\n&#8211; Acestea sunt \u00eendrept\u0103\u021biri.<br \/>\n&#8211; P\u0103rinte, pentru feti\u021be mamele lor spun c\u0103 poart\u0103 pantaloni ca s\u0103 nu r\u0103ceasc\u0103.<br \/>\n&#8211; Alt\u0103 solu\u021bie nu exist\u0103? Nu exist\u0103 ciorapi p\u00e2n\u0103 sus? S\u0103 poarte ciorapi p\u00e2n\u0103 sus ca s\u0103 nu<br \/>\nr\u0103ceasc\u0103. Dac\u0103 vrea cineva, pentru toate afl\u0103 solu\u021bie.<br \/>\n&#8211; Dar atunci. P\u0103rinte, c\u00e2nd vin persoane oficiale \u0219i au cu ele \u0219i una care poart\u0103 pantaloni?<br \/>\n&#8211; S\u0103 le da\u021bi o explica\u021bie: \u201eVre\u021bi s\u0103 facem un pogor\u00e2m\u00e2nt \u0219i s\u0103 stric\u0103m r\u00e2nduiala<br \/>\nm\u0103n\u0103stirii?\u201d.<br \/>\n&#8211; P\u0103rinte, odat\u0103 au venit treizeci de profesoare \u00een pantaloni \u0219i le-am l\u0103sat s\u0103 intre.<br \/>\n&#8211; Foarte r\u0103u a\u021bi f\u0103cut! Nu se potrive\u0219te. Trebuia s\u0103 le fi spus: \u201eIerta\u021bi-ne, este o r\u00e2nduiala a<br \/>\nm\u0103n\u0103stirii s\u0103 nu \u00eeng\u0103duim s\u0103 intre \u00een ea femeia ce poart\u0103 pantaloni\u201d. Acestea vor merge \u0219i la alte m\u0103n\u0103stiri \u0219i vor spune: \u201eLa cutare m\u0103n\u0103stire ne-a l\u0103sat s\u0103 intr\u0103m cu pantaloni\u201d. A\u021bi f\u0103cut pogor\u0103m\u00e2nt ca s\u0103 nu le jigni\u021bi, dar acelea v\u0103 vor dispre\u021bui apoi pe voi. Pune\u021bi la poart\u0103 o t\u0103bli\u021b\u0103 cu textul respectiv din Vechiul Testament. Face\u021bi \u0219i cincizeci de fuste \u0219i s\u0103 le da\u021bi \u00eentrun mod cuviincios celor ce vin cu pantaloni pentru prima dat\u0103 \u0219i nu \u0219tiu sau celor ce poart\u0103 scurt.<br \/>\n&#8211; P\u0103rinte, dar c\u00e2nd vine un liceu \u0219i toate fetele poart\u0103 pantaloni?<br \/>\n&#8211; S\u0103 le da\u021bi servi\u021bi \u00een afara por\u021bii. Lucrul acesta o s\u0103 le pricinuiasc\u0103 probleme de con\u0219tiin\u021b\u0103.<br \/>\nSau, dac\u0103 v\u0103 \u00een\u0219tiin\u021beaz\u0103 c\u0103 vor s\u0103 se \u00eenchine, spune\u021bi-le la telefon: \u201eV\u0103 rug\u0103m ca profesoarele \u0219i elevele s\u0103 nu poarte pantaloni\u201d. A\u0219a vor \u00een\u021belege c\u0103 trebuie s\u0103 cinsteasc\u0103 locul. Aici nu e parohie. La parohie preotul este dator s\u0103 \u00eenve\u021be pe femei, s\u0103 \u00een\u021beleag\u0103 de ce nu trebuie s\u0103 poarte pantaloni, ca s\u0103 se \u00eendrepte. Dac\u0103 vreodat\u0103 merg la biserica lui femei din alt\u0103 parohie \u0219i poart\u0103 pantaloni, s\u0103 se \u00eengrijeasc\u0103 s\u0103 aranjeze lucrurile. Biserica este mama adev\u0103rat\u0103, nu este<br \/>\nvitreg\u0103.<br \/>\n&#8211; P\u0103rinte, dar mul\u021bi spun: \u201eA\u0219a cum face\u021bi, alunga\u021bi lumea de la Biseric\u0103\u201d.<br \/>\n&#8211; Dac\u0103 \u00een Vechiul Testament exist\u0103 porunc\u0103 de la Dumnezeu care interzice femeilor s\u0103<br \/>\npoarte haine b\u0103rb\u0103te\u0219ti etc., ce altceva mai vor? Dar ele \u00ee\u021bi spun: \u201eDe ce s\u0103 nu poarte \u0219i femeile pantaloni? De ce s\u0103 nu intre \u00een Consiliile Bisericilor \u0219i atei, dac\u0103 Biserica este poporul?\u201d. Dar f\u0103c\u00e2nd astfel soarta Bisericii va depinde de hot\u0103r\u00e2rea ateilor. Vor face din Biserici biblioteci, magazii etc., dup\u0103 ce mai \u00eenainte vor fi stricat toate r\u00e2nduielile, spun\u00e2nd: \u201eCe ne mai trebuie aceasta? Nu mai este nevoie de cealalt\u0103!\u201d. Ce s\u0103 mai spui? \u00cen m\u0103n\u0103stire nu va trebui s\u0103 se \u00eeng\u0103duie turi\u0219ti goi, pentru a aduna bani, chipurile, s\u0103<br \/>\n\u00eembrac pe cei s\u0103raci, pentru c\u0103 aceasta este o m\u0103iestrie a celui viclean, ca s\u0103-l \u00eenstr\u0103ineze pe monah de binecuv\u00e2ntarea lui Dumnezeu \u0219i s\u0103-l mirenizeze. \u00cen timp ce adev\u0103rata \u00eenstr\u0103inare pentru Hristos a monahului \u00eel face bogat \u00een virtu\u021bi.<br \/>\n&#8211; P\u0103rinte, la Stomiu era\u021bi nevoit s\u0103 pune\u021bi indicatuare pentru turi\u0219ti?<br \/>\n&#8211; Da, am avut indicatuare. La m\u0103n\u0103stire am avut una pe care scria: &#8220;Bine a\u021bi venit&#8221;. Mai jos, la dou\u0103zeci de minute de m\u0103n\u0103stire, aveam o alta pe care scria: &#8220;Nu, nu: &#8220;Imaculat \u00eembr\u0103cat la Aeon &#8220;147 \u0219i mai aveam o s\u0103geat\u0103 care ar\u0103ta spre r\u00e2u \u0219i o alta pe care scria: &#8220;\u00cendrepta\u021bi-v\u0103 spre r\u00e2u: &#8220;Cei \u00eembr\u0103ca\u021bi cu modestie la Sf\u00e2nta M\u0103n\u0103stire&#8221; \u0219i aveam o s\u0103geat\u0103 care ar\u0103ta spre M\u0103n\u0103stire. Nu cumva scriam bine?<\/p>\n<p>146. Deut. 22,5: &#8220;S\u0103 nu fie ve\u0219mintele b\u0103rb\u0103te\u0219ti pe femeie \u0219i nici un b\u0103rbat s\u0103 nu se \u00eembrace cu o hain\u0103 de femeie, c\u0103ci este o ur\u00e2ciune pentru Domnul Dumnezeul t\u0103u oricine le poart\u0103&#8221;. Adic\u0103: &#8220;Femeia s\u0103 nu poarte hain\u0103 b\u0103rb\u0103teasc\u0103, nici b\u0103rbatul hain\u0103 femeiasc\u0103, c\u0103ci atunci va fi foarte ur\u00e2t\u0103 Domnului&#8221;.<br \/>\n147. R\u00e2ul Aoos trece pe sub Sf\u00e2nta M\u0103n\u0103stire Stomio Konitsa.[\/vc_column_text][\/vc_column][\/vc_row]\n","protected":false},"excerpt":{"rendered":"<p>[vc_row type=&#8221;full_width_background&#8221; full_screen_row_position=&#8221;middle&#8221; column_margin=&#8221;none&#8221; column_direction=&#8221;default&#8221; column_direction_tablet=&#8221;default&#8221; column_direction_phone=&#8221;default&#8221; bg_image=&#8221;164&#8243; bg_position=&#8221;left center&#8221; background_image_loading=&#8221;skip-lazy-load&#8221; bg_repeat=&#8221;no-repeat&#8221; scene_position=&#8221;center&#8221; top_padding=&#8221;15%&#8221; bottom_padding=&#8221;15%&#8221; top_padding_tablet=&#8221;30%&#8221; constrain_group_3=&#8221;yes&#8221; bottom_padding_tablet=&#8221;30%&#8221; top_padding_phone=&#8221;40%&#8221; constrain_group_5=&#8221;yes&#8221; bottom_padding_phone=&#8221;40%&#8221; text_color=&#8221;custom&#8221; text_align=&#8221;left&#8221; row_border_radius=&#8221;none&#8221; row_border_radius_applies=&#8221;bg&#8221; overflow=&#8221;visible&#8221; color_overlay=&#8221;#000000&#8243; overlay_strength=&#8221;0.3&#8243; gradient_direction=&#8221;radial&#8221; shape_divider_color=&#8221;#ffffff&#8221;&#8230;<\/p>\n","protected":false},"author":1,"featured_media":164,"parent":0,"menu_order":0,"comment_status":"closed","ping_status":"closed","template":"","meta":{"footnotes":""},"class_list":["post-247","page","type-page","status-publish","has-post-thumbnail"],"acf":[],"_links":{"self":[{"href":"https:\/\/panagia-xenia.gr\/ro\/wp-json\/wp\/v2\/pages\/247","targetHints":{"allow":["GET"]}}],"collection":[{"href":"https:\/\/panagia-xenia.gr\/ro\/wp-json\/wp\/v2\/pages"}],"about":[{"href":"https:\/\/panagia-xenia.gr\/ro\/wp-json\/wp\/v2\/types\/page"}],"author":[{"embeddable":true,"href":"https:\/\/panagia-xenia.gr\/ro\/wp-json\/wp\/v2\/users\/1"}],"replies":[{"embeddable":true,"href":"https:\/\/panagia-xenia.gr\/ro\/wp-json\/wp\/v2\/comments?post=247"}],"version-history":[{"count":6,"href":"https:\/\/panagia-xenia.gr\/ro\/wp-json\/wp\/v2\/pages\/247\/revisions"}],"predecessor-version":[{"id":298,"href":"https:\/\/panagia-xenia.gr\/ro\/wp-json\/wp\/v2\/pages\/247\/revisions\/298"}],"wp:featuredmedia":[{"embeddable":true,"href":"https:\/\/panagia-xenia.gr\/ro\/wp-json\/wp\/v2\/media\/164"}],"wp:attachment":[{"href":"https:\/\/panagia-xenia.gr\/ro\/wp-json\/wp\/v2\/media?parent=247"}],"curies":[{"name":"wp","href":"https:\/\/api.w.org\/{rel}","templated":true}]}}